{"id":96097,"date":"2026-01-21T09:57:41","date_gmt":"2026-01-21T08:57:41","guid":{"rendered":"https:\/\/juizs.nl\/?post_type=product&#038;p=96097"},"modified":"2026-04-01T08:12:29","modified_gmt":"2026-04-01T06:12:29","slug":"sapkuur-5-dagen-challenge","status":"publish","type":"product","link":"https:\/\/juizs.nl\/en\/shop\/sapkuur-5-dagen-challenge\/","title":{"rendered":"Sapkuur 5 dagen Challenge"},"content":{"rendered":"<h4>Till Dinner vs. All day Challenge<\/h4>\n<table style=\"width: 100%; border-collapse: collapse; font-size: 16px; line-height: 1.5;\">\n<thead>\n<tr style=\"background-color: #f8f8f8;\">\n<th style=\"padding: 16px 12px; text-align: left; border-bottom: 2px solid #4CAF50; font-weight: 600; color: #333;\">Wat ontvang je?<\/th>\n<th style=\"padding: 16px 12px; text-align: center; border-bottom: 2px solid #4CAF50; font-weight: 600; color: #4caf50; background-color: #e8f5e9;\">Till Dinner Sapkuur<br \/>\n<small style=\"font-weight: 400; color: #666;\">(5 dagen)<\/small><\/th>\n<th style=\"padding: 16px 12px; text-align: center; border-bottom: 2px solid #4CAF50; font-weight: 600; color: #4caf50; background-color: #e8f5e9;\">All Day Sapkuur<br \/>\n<small style=\"font-weight: 400; color: #666;\">(5 dagen)<\/small><\/th>\n<\/tr>\n<\/thead>\n<tbody>\n<tr style=\"border-bottom: 1px solid #eee;\">\n<td style=\"padding: 14px 12px; font-weight: 500;\">Aantal sappen, smoothies en shots<\/td>\n<td style=\"padding: 14px 12px; text-align: center;\">25<\/td>\n<td style=\"padding: 14px 12px; text-align: center;\">35<\/td>\n<\/tr>\n<tr style=\"background-color: #f9fff9; border-bottom: 1px solid #eee;\">\n<td style=\"padding: 14px 12px; font-weight: 500;\">JUIZS Thee (20\u201330 koppen)<\/td>\n<td style=\"padding: 14px 12px; text-align: center; color: #4caf50; font-size: 1.3em;\">\u2713<\/td>\n<td style=\"padding: 14px 12px; text-align: center; color: #4caf50; font-size: 1.3em;\">\u2713<\/td>\n<\/tr>\n<tr style=\"border-bottom: 1px solid #eee;\">\n<td style=\"padding: 14px 12px; font-weight: 500;\">Op- en afbouwplan incl. recepten<\/td>\n<td style=\"padding: 14px 12px; text-align: center; color: #4caf50; font-size: 1.3em;\">\u2713<\/td>\n<td style=\"padding: 14px 12px; text-align: center; color: #4caf50; font-size: 1.3em;\">\u2713<\/td>\n<\/tr>\n<tr style=\"background-color: #f9fff9; border-bottom: 1px solid #eee;\">\n<td style=\"padding: 14px 12px; font-weight: 500;\">JUIZS programma: wanneer welk sapje<\/td>\n<td style=\"padding: 14px 12px; text-align: center; color: #4caf50; font-size: 1.3em;\">\u2713<\/td>\n<td style=\"padding: 14px 12px; text-align: center; color: #4caf50; font-size: 1.3em;\">\u2713<\/td>\n<\/tr>\n<tr style=\"border-bottom: 1px solid #eee;\">\n<td style=\"padding: 14px 12px; font-weight: 500;\">Downloadlink vegetarische seizoensgerechten<\/td>\n<td style=\"padding: 14px 12px; text-align: center; color: #4caf50; font-size: 1.3em;\">\u2713<\/td>\n<td style=\"padding: 14px 12px; text-align: center;\">\u2014<\/td>\n<\/tr>\n<tr style=\"background-color: #f9fff9; border-bottom: 1px solid #eee;\">\n<td style=\"padding: 14px 12px; font-weight: 500;\">Toegang exclusief online coaching programma<\/td>\n<td style=\"padding: 14px 12px; text-align: center; color: #4caf50; font-size: 1.3em;\">\u2713<\/td>\n<td style=\"padding: 14px 12px; text-align: center; color: #4caf50; font-size: 1.3em;\">\u2713<\/td>\n<\/tr>\n<tr style=\"border-bottom: 1px solid #eee;\">\n<td style=\"padding: 14px 12px; font-weight: 500;\">Persoonlijk voedingsadvies (orthomoleculair)<\/td>\n<td style=\"padding: 14px 12px; text-align: center; color: #4caf50; font-size: 1.3em;\">\u2713<\/td>\n<td style=\"padding: 14px 12px; text-align: center; color: #4caf50; font-size: 1.3em;\">\u2713<\/td>\n<\/tr>\n<tr style=\"background-color: #f9fff9;\">\n<td style=\"padding: 14px 12px; font-weight: 500;\">Extra: 30 dagen gezonde recepten per e-mail<\/td>\n<td style=\"padding: 14px 12px; text-align: center; color: #4caf50; font-size: 1.3em;\">\u2713<\/td>\n<td style=\"padding: 14px 12px; text-align: center; color: #4caf50; font-size: 1.3em;\">\u2713<\/td>\n<\/tr>\n<\/tbody>\n<\/table>\n<h4>Wijziging<\/h4>\n<p>Ben je allergisch voor \u00e9\u00e9n van de ingredi\u00ebnten of vind je een smaak echt niet lekker, geef het aan ons door via het opmerkingen veld tijdens het afrekenen. Dan vervangen we dat sapje.<\/p>\n<h4>Bezorging en houdbaarheid<\/h4>\n<p>Plan je sapkuur goed in en kies de bezorgdatum die daar het beste in past. Alle sappen worden vers geleverd; zorg voor voldoende ruimte in je koelkast. Mocht de detox onverhoopt toch niet uitkomen, je kunt je sappen altijd nog invriezen. Bevroren sap bederft eigenlijk niet en blijft zeker 6 maanden goed in de vriezer.<\/p>\n<h4>Milieubewuste fles<\/h4>\n<p>Al onze flessen zijn gemaakt van 75% gerecycled BPA vrij plastic en 25% biobased plastic (een volledig biologisch afbreekbare vorm van plastic). Er zit geen statiegeld op de flesjes. Wel adviseren wij ze bij een plastic inleverpunt in te leveren.<\/p>\n<h4>Toch leuk om te weten<\/h4>\n<p>Al onze sappen, smoothies en shots zijn vegan en allemaal gluten- en lactosevrij. Voor de ingredi\u00ebntendeclaratie van de sappen klik <a href=\"https:\/\/juizs.nl\/assortiment\/\">hier<\/a>.<\/p>\n<h4>Productoverzicht<\/h4>\n<table style=\"width: 100%; border-collapse: collapse; font-size: 16px; line-height: 1.5;\">\n<thead>\n<tr style=\"background-color: #f8f8f8;\">\n<th style=\"padding: 16px 12px; text-align: left; border-bottom: 2px solid #4CAF50; font-weight: 600; color: #333;\">Product (Artikelnummer)<\/th>\n<th style=\"padding: 16px 12px; text-align: center; border-bottom: 2px solid #4CAF50; font-weight: 600; color: #4caf50; background-color: #e8f5e9;\">Till Dinner Detox<br \/>\n<small style=\"font-weight: 400; color: #666;\">(25 items, 5 dagen)<\/small><\/th>\n<th style=\"padding: 16px 12px; text-align: center; border-bottom: 2px solid #4CAF50; font-weight: 600; color: #4caf50; background-color: #e8f5e9;\">All Day Sapkuur<br \/>\n<small style=\"font-weight: 400; color: #666;\">(35 items, 5 dagen)<\/small><\/th>\n<\/tr>\n<\/thead>\n<tbody>\n<tr style=\"border-bottom: 1px solid #eee;\">\n<td style=\"padding: 14px 12px; font-weight: 500;\">SHOT Vitamine C (#61832)<\/td>\n<td style=\"padding: 14px 12px; text-align: center; color: #4caf50; font-size: 1.3em;\">\u2713<\/td>\n<td style=\"padding: 14px 12px; text-align: center; color: #4caf50; font-size: 1.3em;\">\u2713<\/td>\n<\/tr>\n<tr style=\"background-color: #f9fff9; border-bottom: 1px solid #eee;\">\n<td style=\"padding: 14px 12px; font-weight: 500;\">SMOOTHIE Avocado Cucumber Fennel (#9004)<\/td>\n<td style=\"padding: 14px 12px; text-align: center; color: #4caf50; font-size: 1.3em;\">\u2713<\/td>\n<td style=\"padding: 14px 12px; text-align: center; color: #4caf50; font-size: 1.3em;\">\u2713<\/td>\n<\/tr>\n<tr style=\"border-bottom: 1px solid #eee;\">\n<td style=\"padding: 14px 12px; font-weight: 500;\">VEGGIE Beet Fennel (#61838)<\/td>\n<td style=\"padding: 14px 12px; text-align: center; color: #4caf50; font-size: 1.3em;\">\u2713<\/td>\n<td style=\"padding: 14px 12px; text-align: center; color: #4caf50; font-size: 1.3em;\">\u2713<\/td>\n<\/tr>\n<tr style=\"background-color: #f9fff9; border-bottom: 1px solid #eee;\">\n<td style=\"padding: 14px 12px; font-weight: 500;\">SHOT Antioxidant (#61834)<\/td>\n<td style=\"padding: 14px 12px; text-align: center; color: #4caf50; font-size: 1.3em;\">\u2713<\/td>\n<td style=\"padding: 14px 12px; text-align: center; color: #4caf50; font-size: 1.3em;\">\u2713<\/td>\n<\/tr>\n<tr style=\"border-bottom: 1px solid #eee;\">\n<td style=\"padding: 14px 12px; font-weight: 500;\">JUICE Carrot Orange Ginger (#5983)<\/td>\n<td style=\"padding: 14px 12px; text-align: center; color: #4caf50; font-size: 1.3em;\">\u2713<\/td>\n<td style=\"padding: 14px 12px; text-align: center; color: #4caf50; font-size: 1.3em;\">\u2713<\/td>\n<\/tr>\n<tr style=\"background-color: #f9fff9; border-bottom: 1px solid #eee;\">\n<td style=\"padding: 14px 12px; font-weight: 500;\">SHOT Turmeric (#61831)<\/td>\n<td style=\"padding: 14px 12px; text-align: center; color: #4caf50; font-size: 1.3em;\">\u2713<\/td>\n<td style=\"padding: 14px 12px; text-align: center; color: #4caf50; font-size: 1.3em;\">\u2713<\/td>\n<\/tr>\n<tr style=\"border-bottom: 1px solid #eee;\">\n<td style=\"padding: 14px 12px; font-weight: 500;\">SMOOTHIE Avocado Mango Coconut (#12157)<\/td>\n<td style=\"padding: 14px 12px; text-align: center; color: #4caf50; font-size: 1.3em;\">\u2713<\/td>\n<td style=\"padding: 14px 12px; text-align: center; color: #4caf50; font-size: 1.3em;\">\u2713<\/td>\n<\/tr>\n<tr style=\"background-color: #f9fff9; border-bottom: 1px solid #eee;\">\n<td style=\"padding: 14px 12px; font-weight: 500;\">JUICE Beet Carrot Mango (#63871)<\/td>\n<td style=\"padding: 14px 12px; text-align: center; color: #4caf50; font-size: 1.3em;\">\u2713<\/td>\n<td style=\"padding: 14px 12px; text-align: center; color: #4caf50; font-size: 1.3em;\">\u2713<\/td>\n<\/tr>\n<tr style=\"border-bottom: 1px solid #eee;\">\n<td style=\"padding: 14px 12px; font-weight: 500;\">SHOT Vitamine D (#61835)<\/td>\n<td style=\"padding: 14px 12px; text-align: center; color: #4caf50; font-size: 1.3em;\">\u2713<\/td>\n<td style=\"padding: 14px 12px; text-align: center; color: #4caf50; font-size: 1.3em;\">\u2713<\/td>\n<\/tr>\n<tr style=\"background-color: #f9fff9; border-bottom: 1px solid #eee;\">\n<td style=\"padding: 14px 12px; font-weight: 500;\">VEGGIE Carrot Parsnip (#61837)<\/td>\n<td style=\"padding: 14px 12px; text-align: center; color: #4caf50; font-size: 1.3em;\">\u2713<\/td>\n<td style=\"padding: 14px 12px; text-align: center; color: #4caf50; font-size: 1.3em;\">\u2713<\/td>\n<\/tr>\n<tr style=\"border-bottom: 1px solid #eee;\">\n<td style=\"padding: 14px 12px; font-weight: 500;\">JUIZS Thee (#64742)<\/td>\n<td style=\"padding: 14px 12px; text-align: center; color: #4caf50; font-size: 1.3em;\">\u2713<\/td>\n<td style=\"padding: 14px 12px; text-align: center; color: #4caf50; font-size: 1.3em;\">\u2713<\/td>\n<\/tr>\n<tr style=\"background-color: #f9fff9; border-bottom: 1px solid #eee;\">\n<td style=\"padding: 14px 12px; font-weight: 500; color: #666; font-style: italic;\">VEGGIE Cucumber Spinach (#61836)<\/td>\n<td style=\"padding: 14px 12px; text-align: center;\">\u2014<\/td>\n<td style=\"padding: 14px 12px; text-align: center; color: #4caf50; font-size: 1.3em;\">\u2713<\/td>\n<\/tr>\n<tr style=\"border-bottom: 1px solid #eee;\">\n<td style=\"padding: 14px 12px; font-weight: 500; color: #666; font-style: italic;\">SMOOTHIE Kiwi Chia Vitamine E (#61828)<\/td>\n<td style=\"padding: 14px 12px; text-align: center;\">\u2014<\/td>\n<td style=\"padding: 14px 12px; text-align: center; color: #4caf50; font-size: 1.3em;\">\u2713<\/td>\n<\/tr>\n<tr style=\"background-color: #f9fff9; border-bottom: 1px solid #eee;\">\n<td style=\"padding: 14px 12px; font-weight: 500; color: #666; font-style: italic;\">JUICE Chia Mango Spinach (#5978)<\/td>\n<td style=\"padding: 14px 12px; text-align: center;\">\u2014<\/td>\n<td style=\"padding: 14px 12px; text-align: center; color: #4caf50; font-size: 1.3em;\">\u2713<\/td>\n<\/tr>\n<tr style=\"border-bottom: 1px solid #eee;\">\n<td style=\"padding: 14px 12px; font-weight: 500; color: #666; font-style: italic;\">JUICE Chia Apple Mango (#5979)<\/td>\n<td style=\"padding: 14px 12px; text-align: center;\">\u2014<\/td>\n<td style=\"padding: 14px 12px; text-align: center; color: #4caf50; font-size: 1.3em;\">\u2713<\/td>\n<\/tr>\n<\/tbody>\n<\/table>\n","protected":false},"excerpt":{"rendered":"<p><strong>Start de lente mooi en gezond. Deze maand ontvang je 25% korting op alles! Gebruik code: APRIL25<\/strong><\/p>\n<p>Doe je mee aan de Juizs Lente Challenge (van 22 maart t\/m 1 april)? Bij bestelling van deze sapkuur krijg je een mail met de uitnodiging om deel te nemen. Veel leuke prijzen te winnen, online community, tips en recepten en nog veel meer&#8230;<\/p>\n<p>&nbsp;<\/p>\n","protected":false},"featured_media":79922,"comment_status":"closed","ping_status":"closed","template":"","meta":{"_acf_changed":false},"product_brand":[],"product_cat":[123,39,124],"product_tag":[],"class_list":{"0":"post-96097","1":"product","2":"type-product","3":"status-publish","4":"has-post-thumbnail","6":"product_cat-all-day","7":"product_cat-detox","8":"product_cat-till-dinner","10":"first","11":"instock","12":"taxable","13":"shipping-taxable","14":"purchasable","15":"product-type-variable"},"composite_virtual":false,"composite_layout":"","composite_add_to_cart_form_location":"","composite_editable_in_cart":false,"composite_sold_individually_context":"","composite_shop_price_calc":"","composite_components":[],"composite_scenarios":[],"bundled_by":[],"bundle_stock_status":"instock","bundle_stock_quantity":null,"bundle_virtual":false,"bundle_layout":"","bundle_add_to_cart_form_location":"","bundle_editable_in_cart":false,"bundle_sold_individually_context":"","bundle_item_grouping":"","bundle_min_size":"","bundle_max_size":"","bundle_price":[],"bundled_items":[],"bundle_sell_ids":[],"acf":[],"yoast_head":"<!-- This site is optimized with the Yoast SEO Premium plugin v26.2 (Yoast SEO v26.2) - https:\/\/yoast.com\/wordpress\/plugins\/seo\/ -->\n<title>Sapkuur 5 dagen Challenge - JUIZS<\/title>\n<meta name=\"description\" content=\"Doorbreek je eetgewoonten met de vijfdaagse till dinner sapkuur van JUIZS inclusief een persoonlijk voedingsadvies van een voedingsadviseur!\" \/>\n<meta name=\"robots\" content=\"index, follow, max-snippet:-1, max-image-preview:large, max-video-preview:-1\" \/>\n<link rel=\"canonical\" href=\"https:\/\/juizs.nl\/en\/shop\/sapkuur-5-dagen-challenge\/\" \/>\n<meta property=\"og:locale\" content=\"en_US\" \/>\n<meta property=\"og:type\" content=\"article\" \/>\n<meta property=\"og:title\" content=\"Sapkuur 5 dagen Challenge\" \/>\n<meta property=\"og:description\" content=\"Doorbreek je eetgewoonten met de vijfdaagse till dinner sapkuur van JUIZS inclusief een persoonlijk voedingsadvies van een voedingsadviseur!\" \/>\n<meta property=\"og:url\" content=\"https:\/\/juizs.nl\/en\/shop\/sapkuur-5-dagen-challenge\/\" \/>\n<meta property=\"og:site_name\" content=\"JUIZS\" \/>\n<meta property=\"article:modified_time\" content=\"2026-04-01T06:12:29+00:00\" \/>\n<meta property=\"og:image\" content=\"https:\/\/juizs.nl\/wp-content\/uploads\/2023\/11\/tilldinner_5_dagen_visual-1024x1002.png\" \/>\n\t<meta property=\"og:image:width\" content=\"1024\" \/>\n\t<meta property=\"og:image:height\" content=\"1002\" \/>\n\t<meta property=\"og:image:type\" content=\"image\/png\" \/>\n<meta name=\"twitter:card\" content=\"summary_large_image\" \/>\n<meta name=\"twitter:label1\" content=\"Availability\" \/>\n\t<meta name=\"twitter:data1\" content=\"In stock\" \/>\n<script type=\"application\/ld+json\" class=\"yoast-schema-graph\">{\"@context\":\"https:\/\/schema.org\",\"@graph\":[{\"@type\":\"WebPage\",\"@id\":\"https:\/\/juizs.nl\/en\/shop\/sapkuur-5-dagen-challenge\/\",\"url\":\"https:\/\/juizs.nl\/en\/shop\/sapkuur-5-dagen-challenge\/\",\"name\":\"Sapkuur 5 dagen Challenge - JUIZS\",\"isPartOf\":{\"@id\":\"https:\/\/juizs.nl\/en\/#website\"},\"primaryImageOfPage\":{\"@id\":\"https:\/\/juizs.nl\/en\/shop\/sapkuur-5-dagen-challenge\/#primaryimage\"},\"image\":{\"@id\":\"https:\/\/juizs.nl\/en\/shop\/sapkuur-5-dagen-challenge\/#primaryimage\"},\"thumbnailUrl\":\"https:\/\/juizs.nl\/wp-content\/uploads\/2023\/11\/tilldinner_5_dagen_visual.png\",\"datePublished\":\"2026-01-21T08:57:41+00:00\",\"dateModified\":\"2026-04-01T06:12:29+00:00\",\"description\":\"Doorbreek je eetgewoonten met de vijfdaagse till dinner sapkuur van JUIZS inclusief een persoonlijk voedingsadvies van een voedingsadviseur!\",\"breadcrumb\":{\"@id\":\"https:\/\/juizs.nl\/en\/shop\/sapkuur-5-dagen-challenge\/#breadcrumb\"},\"inLanguage\":\"en-US\",\"potentialAction\":[{\"@type\":\"ReadAction\",\"target\":[\"https:\/\/juizs.nl\/en\/shop\/sapkuur-5-dagen-challenge\/\"]}]},{\"@type\":\"ImageObject\",\"inLanguage\":\"en-US\",\"@id\":\"https:\/\/juizs.nl\/en\/shop\/sapkuur-5-dagen-challenge\/#primaryimage\",\"url\":\"https:\/\/juizs.nl\/wp-content\/uploads\/2023\/11\/tilldinner_5_dagen_visual.png\",\"contentUrl\":\"https:\/\/juizs.nl\/wp-content\/uploads\/2023\/11\/tilldinner_5_dagen_visual.png\",\"width\":1702,\"height\":1666},{\"@type\":\"BreadcrumbList\",\"@id\":\"https:\/\/juizs.nl\/en\/shop\/sapkuur-5-dagen-challenge\/#breadcrumb\",\"itemListElement\":[{\"@type\":\"ListItem\",\"position\":1,\"name\":\"Products\",\"item\":\"https:\/\/juizs.nl\/en\/shop\/\"},{\"@type\":\"ListItem\",\"position\":2,\"name\":\"Sapkuur 5 dagen Challenge\"}]},{\"@type\":\"WebSite\",\"@id\":\"https:\/\/juizs.nl\/en\/#website\",\"url\":\"https:\/\/juizs.nl\/en\/\",\"name\":\"JUIZS\",\"description\":\"Juizs is more than a Juice | Sapkuren m\u00e9t persoonlijk voedingsadvies\",\"publisher\":{\"@id\":\"https:\/\/juizs.nl\/en\/#organization\"},\"potentialAction\":[{\"@type\":\"SearchAction\",\"target\":{\"@type\":\"EntryPoint\",\"urlTemplate\":\"https:\/\/juizs.nl\/en\/?s={search_term_string}\"},\"query-input\":{\"@type\":\"PropertyValueSpecification\",\"valueRequired\":true,\"valueName\":\"search_term_string\"}}],\"inLanguage\":\"en-US\"},{\"@type\":[\"Organization\",\"Place\",\"Store\"],\"@id\":\"https:\/\/juizs.nl\/en\/#organization\",\"name\":\"Juizs\",\"url\":\"https:\/\/juizs.nl\/en\/\",\"logo\":{\"@id\":\"https:\/\/juizs.nl\/en\/shop\/sapkuur-5-dagen-challenge\/#local-main-organization-logo\"},\"image\":{\"@id\":\"https:\/\/juizs.nl\/en\/shop\/sapkuur-5-dagen-challenge\/#local-main-organization-logo\"},\"telephone\":[\"0702210833\"],\"openingHoursSpecification\":[{\"@type\":\"OpeningHoursSpecification\",\"dayOfWeek\":[\"Monday\",\"Tuesday\",\"Wednesday\",\"Thursday\",\"Friday\",\"Saturday\",\"Sunday\"],\"opens\":\"09:00\",\"closes\":\"17:00\"}],\"email\":\"hallo@juizs.nl\",\"areaServed\":\"Nederland, Vlaanderen + Brussel\",\"vatID\":\"NL8529.94.424.B01\",\"priceRange\":\"$$\",\"currenciesAccepted\":\"Euro\",\"paymentAccepted\":\"Ideal, BanContact, Creditcard, Paypal\"},{\"@type\":\"ImageObject\",\"inLanguage\":\"en-US\",\"@id\":\"https:\/\/juizs.nl\/en\/shop\/sapkuur-5-dagen-challenge\/#local-main-organization-logo\",\"url\":\"https:\/\/juizs.nl\/wp-content\/uploads\/2021\/03\/logo-juizs-500x500-1.png\",\"contentUrl\":\"https:\/\/juizs.nl\/wp-content\/uploads\/2021\/03\/logo-juizs-500x500-1.png\",\"width\":500,\"height\":500,\"caption\":\"Juizs\"}]}<\/script>\n<meta property=\"og:availability\" content=\"instock\" \/>\n<meta property=\"product:availability\" content=\"instock\" \/>\n<meta property=\"product:retailer_item_id\" content=\"5DAY-DETOX-CHALLENGE\" \/>\n<meta property=\"product:condition\" content=\"new\" \/>\n<meta name=\"geo.placename\" content=\"Den Haag\" \/>\n<meta name=\"geo.region\" content=\"Netherlands\" \/>\n<!-- \/ Yoast SEO Premium plugin. -->","yoast_head_json":{"title":"Sapkuur 5 dagen Challenge - JUIZS","description":"Doorbreek je eetgewoonten met de vijfdaagse till dinner sapkuur van JUIZS inclusief een persoonlijk voedingsadvies van een voedingsadviseur!","robots":{"index":"index","follow":"follow","max-snippet":"max-snippet:-1","max-image-preview":"max-image-preview:large","max-video-preview":"max-video-preview:-1"},"canonical":"https:\/\/juizs.nl\/en\/shop\/sapkuur-5-dagen-challenge\/","og_locale":"en_US","og_type":"article","og_title":"Sapkuur 5 dagen Challenge","og_description":"Doorbreek je eetgewoonten met de vijfdaagse till dinner sapkuur van JUIZS inclusief een persoonlijk voedingsadvies van een voedingsadviseur!","og_url":"https:\/\/juizs.nl\/en\/shop\/sapkuur-5-dagen-challenge\/","og_site_name":"JUIZS","article_modified_time":"2026-04-01T06:12:29+00:00","og_image":[{"width":1024,"height":1002,"url":"https:\/\/juizs.nl\/wp-content\/uploads\/2023\/11\/tilldinner_5_dagen_visual-1024x1002.png","type":"image\/png"}],"twitter_card":"summary_large_image","twitter_misc":{"Availability":"In stock"},"schema":{"@context":"https:\/\/schema.org","@graph":[{"@type":"WebPage","@id":"https:\/\/juizs.nl\/en\/shop\/sapkuur-5-dagen-challenge\/","url":"https:\/\/juizs.nl\/en\/shop\/sapkuur-5-dagen-challenge\/","name":"Sapkuur 5 dagen Challenge - JUIZS","isPartOf":{"@id":"https:\/\/juizs.nl\/en\/#website"},"primaryImageOfPage":{"@id":"https:\/\/juizs.nl\/en\/shop\/sapkuur-5-dagen-challenge\/#primaryimage"},"image":{"@id":"https:\/\/juizs.nl\/en\/shop\/sapkuur-5-dagen-challenge\/#primaryimage"},"thumbnailUrl":"https:\/\/juizs.nl\/wp-content\/uploads\/2023\/11\/tilldinner_5_dagen_visual.png","datePublished":"2026-01-21T08:57:41+00:00","dateModified":"2026-04-01T06:12:29+00:00","description":"Doorbreek je eetgewoonten met de vijfdaagse till dinner sapkuur van JUIZS inclusief een persoonlijk voedingsadvies van een voedingsadviseur!","breadcrumb":{"@id":"https:\/\/juizs.nl\/en\/shop\/sapkuur-5-dagen-challenge\/#breadcrumb"},"inLanguage":"en-US","potentialAction":[{"@type":"ReadAction","target":["https:\/\/juizs.nl\/en\/shop\/sapkuur-5-dagen-challenge\/"]}]},{"@type":"ImageObject","inLanguage":"en-US","@id":"https:\/\/juizs.nl\/en\/shop\/sapkuur-5-dagen-challenge\/#primaryimage","url":"https:\/\/juizs.nl\/wp-content\/uploads\/2023\/11\/tilldinner_5_dagen_visual.png","contentUrl":"https:\/\/juizs.nl\/wp-content\/uploads\/2023\/11\/tilldinner_5_dagen_visual.png","width":1702,"height":1666},{"@type":"BreadcrumbList","@id":"https:\/\/juizs.nl\/en\/shop\/sapkuur-5-dagen-challenge\/#breadcrumb","itemListElement":[{"@type":"ListItem","position":1,"name":"Products","item":"https:\/\/juizs.nl\/en\/shop\/"},{"@type":"ListItem","position":2,"name":"Sapkuur 5 dagen Challenge"}]},{"@type":"WebSite","@id":"https:\/\/juizs.nl\/en\/#website","url":"https:\/\/juizs.nl\/en\/","name":"JUIZS","description":"Juizs is more than a Juice | Sapkuren m\u00e9t persoonlijk voedingsadvies","publisher":{"@id":"https:\/\/juizs.nl\/en\/#organization"},"potentialAction":[{"@type":"SearchAction","target":{"@type":"EntryPoint","urlTemplate":"https:\/\/juizs.nl\/en\/?s={search_term_string}"},"query-input":{"@type":"PropertyValueSpecification","valueRequired":true,"valueName":"search_term_string"}}],"inLanguage":"en-US"},{"@type":["Organization","Place","Store"],"@id":"https:\/\/juizs.nl\/en\/#organization","name":"Juizs","url":"https:\/\/juizs.nl\/en\/","logo":{"@id":"https:\/\/juizs.nl\/en\/shop\/sapkuur-5-dagen-challenge\/#local-main-organization-logo"},"image":{"@id":"https:\/\/juizs.nl\/en\/shop\/sapkuur-5-dagen-challenge\/#local-main-organization-logo"},"telephone":["0702210833"],"openingHoursSpecification":[{"@type":"OpeningHoursSpecification","dayOfWeek":["Monday","Tuesday","Wednesday","Thursday","Friday","Saturday","Sunday"],"opens":"09:00","closes":"17:00"}],"email":"hallo@juizs.nl","areaServed":"Nederland, Vlaanderen + Brussel","vatID":"NL8529.94.424.B01","priceRange":"$$","currenciesAccepted":"Euro","paymentAccepted":"Ideal, BanContact, Creditcard, Paypal"},{"@type":"ImageObject","inLanguage":"en-US","@id":"https:\/\/juizs.nl\/en\/shop\/sapkuur-5-dagen-challenge\/#local-main-organization-logo","url":"https:\/\/juizs.nl\/wp-content\/uploads\/2021\/03\/logo-juizs-500x500-1.png","contentUrl":"https:\/\/juizs.nl\/wp-content\/uploads\/2021\/03\/logo-juizs-500x500-1.png","width":500,"height":500,"caption":"Juizs"}]},"og_availability":"instock","product_availability":"instock","product_retailer_item_id":"5DAY-DETOX-CHALLENGE","product_condition":"new","geo.placename":"Den Haag","geo.region":"Netherlands"},"_links":{"self":[{"href":"https:\/\/juizs.nl\/en\/wp-json\/wp\/v2\/product\/96097","targetHints":{"allow":["GET"]}}],"collection":[{"href":"https:\/\/juizs.nl\/en\/wp-json\/wp\/v2\/product"}],"about":[{"href":"https:\/\/juizs.nl\/en\/wp-json\/wp\/v2\/types\/product"}],"replies":[{"embeddable":true,"href":"https:\/\/juizs.nl\/en\/wp-json\/wp\/v2\/comments?post=96097"}],"wp:featuredmedia":[{"embeddable":true,"href":"https:\/\/juizs.nl\/en\/wp-json\/wp\/v2\/media\/79922"}],"wp:attachment":[{"href":"https:\/\/juizs.nl\/en\/wp-json\/wp\/v2\/media?parent=96097"}],"wp:term":[{"taxonomy":"product_brand","embeddable":true,"href":"https:\/\/juizs.nl\/en\/wp-json\/wp\/v2\/product_brand?post=96097"},{"taxonomy":"product_cat","embeddable":true,"href":"https:\/\/juizs.nl\/en\/wp-json\/wp\/v2\/product_cat?post=96097"},{"taxonomy":"product_tag","embeddable":true,"href":"https:\/\/juizs.nl\/en\/wp-json\/wp\/v2\/product_tag?post=96097"}],"curies":[{"name":"wp","href":"https:\/\/api.w.org\/{rel}","templated":true}]}}