{"id":64742,"date":"2022-12-07T11:36:44","date_gmt":"2022-12-07T10:36:44","guid":{"rendered":"https:\/\/juizs.nl\/?post_type=product&#038;p=64742"},"modified":"2023-09-21T08:41:35","modified_gmt":"2023-09-21T06:41:35","slug":"detox-thee","status":"publish","type":"product","link":"https:\/\/juizs.nl\/en\/shop\/detox-thee\/","title":{"rendered":"JUIZS Thee"},"content":{"rendered":"","protected":false},"excerpt":{"rendered":"<p>\u00c9\u00e9n zakje thee is goed voor 20 \u00e0 30 mokken thee.<\/p>\n","protected":false},"featured_media":74858,"comment_status":"closed","ping_status":"closed","template":"","meta":{"_acf_changed":false},"product_brand":[],"product_cat":[16],"product_tag":[],"class_list":{"0":"post-64742","1":"product","2":"type-product","3":"status-publish","4":"has-post-thumbnail","6":"product_cat-uncategorized","8":"first","9":"instock","10":"taxable","11":"shipping-taxable","12":"purchasable","13":"product-type-simple"},"composite_virtual":false,"composite_layout":"","composite_add_to_cart_form_location":"","composite_editable_in_cart":false,"composite_sold_individually_context":"","composite_shop_price_calc":"","composite_components":[],"composite_scenarios":[],"bundled_by":["61856","61859","61863","61862","61861","61883","61860","64980"],"bundle_stock_status":"instock","bundle_stock_quantity":null,"bundle_virtual":false,"bundle_layout":"","bundle_add_to_cart_form_location":"","bundle_editable_in_cart":false,"bundle_sold_individually_context":"","bundle_item_grouping":"","bundle_min_size":"","bundle_max_size":"","bundle_price":[],"bundled_items":[],"bundle_sell_ids":[],"acf":[],"yoast_head":"<!-- This site is optimized with the Yoast SEO Premium plugin v26.2 (Yoast SEO v26.2) - https:\/\/yoast.com\/wordpress\/plugins\/seo\/ -->\n<title>JUIZS Thee - JUIZS<\/title>\n<meta name=\"description\" content=\"Kruidenmelange om thee van te zetten. Deze thee wordt toegevoegd aan iedere JUIZS sapkuur.\" \/>\n<meta name=\"robots\" content=\"index, follow, max-snippet:-1, max-image-preview:large, max-video-preview:-1\" \/>\n<link rel=\"canonical\" href=\"https:\/\/juizs.nl\/en\/shop\/detox-thee\/\" \/>\n<meta property=\"og:locale\" content=\"en_US\" \/>\n<meta property=\"og:type\" content=\"article\" \/>\n<meta property=\"og:title\" content=\"JUIZS Thee\" \/>\n<meta property=\"og:description\" content=\"Kruidenmelange om thee van te zetten. Deze thee wordt toegevoegd aan iedere JUIZS sapkuur.\" \/>\n<meta property=\"og:url\" content=\"https:\/\/juizs.nl\/en\/shop\/detox-thee\/\" \/>\n<meta property=\"og:site_name\" content=\"JUIZS\" \/>\n<meta property=\"article:modified_time\" content=\"2023-09-21T06:41:35+00:00\" \/>\n<meta property=\"og:image\" content=\"https:\/\/juizs.nl\/wp-content\/uploads\/2022\/12\/THEE_Detox_Thee_single_product-1-1024x1002.png\" \/>\n\t<meta property=\"og:image:width\" content=\"1024\" \/>\n\t<meta property=\"og:image:height\" content=\"1002\" \/>\n\t<meta property=\"og:image:type\" content=\"image\/png\" \/>\n<meta name=\"twitter:card\" content=\"summary_large_image\" \/>\n<meta name=\"twitter:label1\" content=\"Price\" \/>\n\t<meta name=\"twitter:data1\" content=\"&euro;0.00\" \/>\n\t<meta name=\"twitter:label2\" content=\"Availability\" \/>\n\t<meta name=\"twitter:data2\" content=\"In stock\" \/>\n<script type=\"application\/ld+json\" class=\"yoast-schema-graph\">{\"@context\":\"https:\/\/schema.org\",\"@graph\":[{\"@type\":\"WebPage\",\"@id\":\"https:\/\/juizs.nl\/en\/shop\/detox-thee\/\",\"url\":\"https:\/\/juizs.nl\/en\/shop\/detox-thee\/\",\"name\":\"JUIZS Thee - JUIZS\",\"isPartOf\":{\"@id\":\"https:\/\/juizs.nl\/en\/#website\"},\"primaryImageOfPage\":{\"@id\":\"https:\/\/juizs.nl\/en\/shop\/detox-thee\/#primaryimage\"},\"image\":{\"@id\":\"https:\/\/juizs.nl\/en\/shop\/detox-thee\/#primaryimage\"},\"thumbnailUrl\":\"https:\/\/juizs.nl\/wp-content\/uploads\/2022\/12\/THEE_Detox_Thee_single_product-1.png\",\"datePublished\":\"2022-12-07T10:36:44+00:00\",\"dateModified\":\"2023-09-21T06:41:35+00:00\",\"description\":\"Kruidenmelange om thee van te zetten. Deze thee wordt toegevoegd aan iedere JUIZS sapkuur.\",\"breadcrumb\":{\"@id\":\"https:\/\/juizs.nl\/en\/shop\/detox-thee\/#breadcrumb\"},\"inLanguage\":\"en-US\",\"potentialAction\":[{\"@type\":\"ReadAction\",\"target\":[\"https:\/\/juizs.nl\/en\/shop\/detox-thee\/\"]}]},{\"@type\":\"ImageObject\",\"inLanguage\":\"en-US\",\"@id\":\"https:\/\/juizs.nl\/en\/shop\/detox-thee\/#primaryimage\",\"url\":\"https:\/\/juizs.nl\/wp-content\/uploads\/2022\/12\/THEE_Detox_Thee_single_product-1.png\",\"contentUrl\":\"https:\/\/juizs.nl\/wp-content\/uploads\/2022\/12\/THEE_Detox_Thee_single_product-1.png\",\"width\":1702,\"height\":1666},{\"@type\":\"BreadcrumbList\",\"@id\":\"https:\/\/juizs.nl\/en\/shop\/detox-thee\/#breadcrumb\",\"itemListElement\":[{\"@type\":\"ListItem\",\"position\":1,\"name\":\"Products\",\"item\":\"https:\/\/juizs.nl\/en\/shop\/\"},{\"@type\":\"ListItem\",\"position\":2,\"name\":\"JUIZS Thee\"}]},{\"@type\":\"WebSite\",\"@id\":\"https:\/\/juizs.nl\/en\/#website\",\"url\":\"https:\/\/juizs.nl\/en\/\",\"name\":\"JUIZS\",\"description\":\"Juizs is more than a Juice | Sapkuren m\u00e9t persoonlijk voedingsadvies\",\"publisher\":{\"@id\":\"https:\/\/juizs.nl\/en\/#organization\"},\"potentialAction\":[{\"@type\":\"SearchAction\",\"target\":{\"@type\":\"EntryPoint\",\"urlTemplate\":\"https:\/\/juizs.nl\/en\/?s={search_term_string}\"},\"query-input\":{\"@type\":\"PropertyValueSpecification\",\"valueRequired\":true,\"valueName\":\"search_term_string\"}}],\"inLanguage\":\"en-US\"},{\"@type\":[\"Organization\",\"Place\",\"Store\"],\"@id\":\"https:\/\/juizs.nl\/en\/#organization\",\"name\":\"Juizs\",\"url\":\"https:\/\/juizs.nl\/en\/\",\"logo\":{\"@id\":\"https:\/\/juizs.nl\/en\/shop\/detox-thee\/#local-main-organization-logo\"},\"image\":{\"@id\":\"https:\/\/juizs.nl\/en\/shop\/detox-thee\/#local-main-organization-logo\"},\"telephone\":[\"0702210833\"],\"openingHoursSpecification\":[{\"@type\":\"OpeningHoursSpecification\",\"dayOfWeek\":[\"Monday\",\"Tuesday\",\"Wednesday\",\"Thursday\",\"Friday\",\"Saturday\",\"Sunday\"],\"opens\":\"09:00\",\"closes\":\"17:00\"}],\"email\":\"hallo@juizs.nl\",\"areaServed\":\"Nederland, Vlaanderen + Brussel\",\"vatID\":\"NL8529.94.424.B01\",\"priceRange\":\"$$\",\"currenciesAccepted\":\"Euro\",\"paymentAccepted\":\"Ideal, BanContact, Creditcard, Paypal\"},{\"@type\":\"ImageObject\",\"inLanguage\":\"en-US\",\"@id\":\"https:\/\/juizs.nl\/en\/shop\/detox-thee\/#local-main-organization-logo\",\"url\":\"https:\/\/juizs.nl\/wp-content\/uploads\/2021\/03\/logo-juizs-500x500-1.png\",\"contentUrl\":\"https:\/\/juizs.nl\/wp-content\/uploads\/2021\/03\/logo-juizs-500x500-1.png\",\"width\":500,\"height\":500,\"caption\":\"Juizs\"}]}<\/script>\n<meta property=\"product:price:amount\" content=\"0.00\" \/>\n<meta property=\"product:price:currency\" content=\"EUR\" \/>\n<meta property=\"og:availability\" content=\"instock\" \/>\n<meta property=\"product:availability\" content=\"instock\" \/>\n<meta property=\"product:retailer_item_id\" content=\"Detox Thee\" \/>\n<meta property=\"product:condition\" content=\"new\" \/>\n<meta name=\"geo.placename\" content=\"Den Haag\" \/>\n<meta name=\"geo.region\" content=\"Netherlands\" \/>\n<!-- \/ Yoast SEO Premium plugin. -->","yoast_head_json":{"title":"JUIZS Thee - JUIZS","description":"Kruidenmelange om thee van te zetten. Deze thee wordt toegevoegd aan iedere JUIZS sapkuur.","robots":{"index":"index","follow":"follow","max-snippet":"max-snippet:-1","max-image-preview":"max-image-preview:large","max-video-preview":"max-video-preview:-1"},"canonical":"https:\/\/juizs.nl\/en\/shop\/detox-thee\/","og_locale":"en_US","og_type":"article","og_title":"JUIZS Thee","og_description":"Kruidenmelange om thee van te zetten. Deze thee wordt toegevoegd aan iedere JUIZS sapkuur.","og_url":"https:\/\/juizs.nl\/en\/shop\/detox-thee\/","og_site_name":"JUIZS","article_modified_time":"2023-09-21T06:41:35+00:00","og_image":[{"width":1024,"height":1002,"url":"https:\/\/juizs.nl\/wp-content\/uploads\/2022\/12\/THEE_Detox_Thee_single_product-1-1024x1002.png","type":"image\/png"}],"twitter_card":"summary_large_image","twitter_misc":{"Price":"&euro;0.00","Availability":"In stock"},"schema":{"@context":"https:\/\/schema.org","@graph":[{"@type":"WebPage","@id":"https:\/\/juizs.nl\/en\/shop\/detox-thee\/","url":"https:\/\/juizs.nl\/en\/shop\/detox-thee\/","name":"JUIZS Thee - JUIZS","isPartOf":{"@id":"https:\/\/juizs.nl\/en\/#website"},"primaryImageOfPage":{"@id":"https:\/\/juizs.nl\/en\/shop\/detox-thee\/#primaryimage"},"image":{"@id":"https:\/\/juizs.nl\/en\/shop\/detox-thee\/#primaryimage"},"thumbnailUrl":"https:\/\/juizs.nl\/wp-content\/uploads\/2022\/12\/THEE_Detox_Thee_single_product-1.png","datePublished":"2022-12-07T10:36:44+00:00","dateModified":"2023-09-21T06:41:35+00:00","description":"Kruidenmelange om thee van te zetten. Deze thee wordt toegevoegd aan iedere JUIZS sapkuur.","breadcrumb":{"@id":"https:\/\/juizs.nl\/en\/shop\/detox-thee\/#breadcrumb"},"inLanguage":"en-US","potentialAction":[{"@type":"ReadAction","target":["https:\/\/juizs.nl\/en\/shop\/detox-thee\/"]}]},{"@type":"ImageObject","inLanguage":"en-US","@id":"https:\/\/juizs.nl\/en\/shop\/detox-thee\/#primaryimage","url":"https:\/\/juizs.nl\/wp-content\/uploads\/2022\/12\/THEE_Detox_Thee_single_product-1.png","contentUrl":"https:\/\/juizs.nl\/wp-content\/uploads\/2022\/12\/THEE_Detox_Thee_single_product-1.png","width":1702,"height":1666},{"@type":"BreadcrumbList","@id":"https:\/\/juizs.nl\/en\/shop\/detox-thee\/#breadcrumb","itemListElement":[{"@type":"ListItem","position":1,"name":"Products","item":"https:\/\/juizs.nl\/en\/shop\/"},{"@type":"ListItem","position":2,"name":"JUIZS Thee"}]},{"@type":"WebSite","@id":"https:\/\/juizs.nl\/en\/#website","url":"https:\/\/juizs.nl\/en\/","name":"JUIZS","description":"Juizs is more than a Juice | Sapkuren m\u00e9t persoonlijk voedingsadvies","publisher":{"@id":"https:\/\/juizs.nl\/en\/#organization"},"potentialAction":[{"@type":"SearchAction","target":{"@type":"EntryPoint","urlTemplate":"https:\/\/juizs.nl\/en\/?s={search_term_string}"},"query-input":{"@type":"PropertyValueSpecification","valueRequired":true,"valueName":"search_term_string"}}],"inLanguage":"en-US"},{"@type":["Organization","Place","Store"],"@id":"https:\/\/juizs.nl\/en\/#organization","name":"Juizs","url":"https:\/\/juizs.nl\/en\/","logo":{"@id":"https:\/\/juizs.nl\/en\/shop\/detox-thee\/#local-main-organization-logo"},"image":{"@id":"https:\/\/juizs.nl\/en\/shop\/detox-thee\/#local-main-organization-logo"},"telephone":["0702210833"],"openingHoursSpecification":[{"@type":"OpeningHoursSpecification","dayOfWeek":["Monday","Tuesday","Wednesday","Thursday","Friday","Saturday","Sunday"],"opens":"09:00","closes":"17:00"}],"email":"hallo@juizs.nl","areaServed":"Nederland, Vlaanderen + Brussel","vatID":"NL8529.94.424.B01","priceRange":"$$","currenciesAccepted":"Euro","paymentAccepted":"Ideal, BanContact, Creditcard, Paypal"},{"@type":"ImageObject","inLanguage":"en-US","@id":"https:\/\/juizs.nl\/en\/shop\/detox-thee\/#local-main-organization-logo","url":"https:\/\/juizs.nl\/wp-content\/uploads\/2021\/03\/logo-juizs-500x500-1.png","contentUrl":"https:\/\/juizs.nl\/wp-content\/uploads\/2021\/03\/logo-juizs-500x500-1.png","width":500,"height":500,"caption":"Juizs"}]},"product_price_amount":"0.00","product_price_currency":"EUR","og_availability":"instock","product_availability":"instock","product_retailer_item_id":"Detox Thee","product_condition":"new","geo.placename":"Den Haag","geo.region":"Netherlands"},"_links":{"self":[{"href":"https:\/\/juizs.nl\/en\/wp-json\/wp\/v2\/product\/64742","targetHints":{"allow":["GET"]}}],"collection":[{"href":"https:\/\/juizs.nl\/en\/wp-json\/wp\/v2\/product"}],"about":[{"href":"https:\/\/juizs.nl\/en\/wp-json\/wp\/v2\/types\/product"}],"replies":[{"embeddable":true,"href":"https:\/\/juizs.nl\/en\/wp-json\/wp\/v2\/comments?post=64742"}],"wp:featuredmedia":[{"embeddable":true,"href":"https:\/\/juizs.nl\/en\/wp-json\/wp\/v2\/media\/74858"}],"wp:attachment":[{"href":"https:\/\/juizs.nl\/en\/wp-json\/wp\/v2\/media?parent=64742"}],"wp:term":[{"taxonomy":"product_brand","embeddable":true,"href":"https:\/\/juizs.nl\/en\/wp-json\/wp\/v2\/product_brand?post=64742"},{"taxonomy":"product_cat","embeddable":true,"href":"https:\/\/juizs.nl\/en\/wp-json\/wp\/v2\/product_cat?post=64742"},{"taxonomy":"product_tag","embeddable":true,"href":"https:\/\/juizs.nl\/en\/wp-json\/wp\/v2\/product_tag?post=64742"}],"curies":[{"name":"wp","href":"https:\/\/api.w.org\/{rel}","templated":true}]}}