{"id":61886,"date":"2022-09-21T14:55:44","date_gmt":"2022-09-21T12:55:44","guid":{"rendered":"https:\/\/juizs.nl\/?post_type=product&#038;p=61886"},"modified":"2023-09-17T20:04:03","modified_gmt":"2023-09-17T18:04:03","slug":"sapkuur-till-dinner-extra-2-dagen","status":"publish","type":"product","link":"https:\/\/juizs.nl\/en\/shop\/sapkuur-till-dinner-extra-2-dagen\/","title":{"rendered":"Sapkuur Till Dinner EXTRA 2 dagen"},"content":{"rendered":"<p>Verleng je till dinner sapkuur met nog 2 extra dagen.<\/p>\n<h4>Wijziging<\/h4>\n<p>Ben je allergisch voor \u00e9\u00e9n van de ingredi\u00ebnten of vind je een smaak echt niet lekker, geef het aan ons door via het opmerkingen veld tijdens het afrekenen. Dan vervangen we dat sapje<\/p>\n<h4>Bezorging en houdbaarheid<\/h4>\n<p>Plan je detox goed in en kies de bezorgdatum die daar het beste in past. Alle sappen worden vers geleverd; zorg voor voldoende ruimte in je koelkast. Mocht de detox onverhoopt toch niet uitkomen, je kunt je sappen altijd nog invriezen. Bevroren sap bederft eigenlijk niet en blijft zeker 6 maanden goed in de vriezer.<\/p>\n<h4>Milieubewuste fles<\/h4>\n<p>Al onze flessen zijn gemaakt van 75% gerecycled BPA vrij plastic en 25% biobased plastic (een volledig biologisch afbreekbare vorm van plastic). Er zit geen statiegeld op de flesjes. Wel adviseren wij ze bij een plastic inleverpunt in te leveren.<\/p>\n<h4>Toch leuk om te weten<\/h4>\n<p>Al onze sappen, smoothies en shots zijn vegan en allemaal gluten- en lactosevrij.<\/p>\n<h4><\/h4>\n","protected":false},"excerpt":{"rendered":"<p>Verleng je till dinner sapkuur nog met 2 extra dagen, <strong>exclusief voor \u20ac 29,95<\/strong><\/p>\n","protected":false},"featured_media":74878,"comment_status":"closed","ping_status":"closed","template":"","meta":{"_acf_changed":false},"product_brand":[],"product_cat":[16],"product_tag":[],"class_list":{"0":"post-61886","1":"product","2":"type-product","3":"status-publish","4":"has-post-thumbnail","6":"product_cat-uncategorized","8":"first","9":"instock","10":"virtual","11":"sold-individually","12":"taxable","13":"purchasable","14":"product-type-bundle"},"composite_virtual":false,"composite_layout":"","composite_add_to_cart_form_location":"","composite_editable_in_cart":false,"composite_sold_individually_context":"","composite_shop_price_calc":"","composite_components":[],"composite_scenarios":[],"bundled_by":[],"bundle_stock_status":"instock","bundle_stock_quantity":"","bundle_virtual":false,"bundle_layout":"default","bundle_add_to_cart_form_location":"default","bundle_editable_in_cart":false,"bundle_sold_individually_context":"product","bundle_item_grouping":"parent","bundle_min_size":"","bundle_max_size":"","bundle_price":{"price":{"min":{"incl_tax":"29.95","excl_tax":"27.477064"},"max":{"incl_tax":"29.95","excl_tax":"27.477064"}},"regular_price":{"min":{"incl_tax":"29.95","excl_tax":"27.477064"},"max":{"incl_tax":"29.95","excl_tax":"27.477064"}}},"bundled_items":[{"bundled_item_id":108,"product_id":61832,"menu_order":0,"quantity_min":1,"quantity_max":1,"quantity_default":1,"priced_individually":false,"shipped_individually":false,"override_title":false,"title":"SHOT Omega 3","override_description":false,"description":"","optional":false,"hide_thumbnail":false,"discount":"","override_variations":false,"allowed_variations":[],"override_default_variation_attributes":false,"default_variation_attributes":[],"single_product_visibility":"hidden","cart_visibility":"hidden","order_visibility":"hidden","single_product_price_visibility":"visible","cart_price_visibility":"visible","order_price_visibility":"visible","stock_status":"in_stock"},{"bundled_item_id":109,"product_id":9004,"menu_order":1,"quantity_min":1,"quantity_max":1,"quantity_default":1,"priced_individually":false,"shipped_individually":false,"override_title":false,"title":"SMOOTHIE Avocado Cucumber Fennel","override_description":false,"description":"","optional":false,"hide_thumbnail":false,"discount":"","override_variations":false,"allowed_variations":[],"override_default_variation_attributes":false,"default_variation_attributes":[],"single_product_visibility":"hidden","cart_visibility":"hidden","order_visibility":"hidden","single_product_price_visibility":"visible","cart_price_visibility":"visible","order_price_visibility":"visible","stock_status":"in_stock"},{"bundled_item_id":110,"product_id":61838,"menu_order":2,"quantity_min":1,"quantity_max":1,"quantity_default":1,"priced_individually":false,"shipped_individually":false,"override_title":false,"title":"VEGGIE Beet Fennel","override_description":false,"description":"","optional":false,"hide_thumbnail":false,"discount":"","override_variations":false,"allowed_variations":[],"override_default_variation_attributes":false,"default_variation_attributes":[],"single_product_visibility":"hidden","cart_visibility":"hidden","order_visibility":"hidden","single_product_price_visibility":"visible","cart_price_visibility":"visible","order_price_visibility":"visible","stock_status":"in_stock"},{"bundled_item_id":111,"product_id":61834,"menu_order":3,"quantity_min":1,"quantity_max":1,"quantity_default":1,"priced_individually":false,"shipped_individually":false,"override_title":false,"title":"SHOT Antioxidant","override_description":false,"description":"","optional":false,"hide_thumbnail":false,"discount":"","override_variations":false,"allowed_variations":[],"override_default_variation_attributes":false,"default_variation_attributes":[],"single_product_visibility":"hidden","cart_visibility":"hidden","order_visibility":"hidden","single_product_price_visibility":"visible","cart_price_visibility":"visible","order_price_visibility":"visible","stock_status":"in_stock"},{"bundled_item_id":112,"product_id":5983,"menu_order":4,"quantity_min":1,"quantity_max":1,"quantity_default":1,"priced_individually":false,"shipped_individually":false,"override_title":false,"title":"JUICE Carrot Orange Ginger","override_description":false,"description":"","optional":false,"hide_thumbnail":false,"discount":"","override_variations":false,"allowed_variations":[],"override_default_variation_attributes":false,"default_variation_attributes":[],"single_product_visibility":"hidden","cart_visibility":"hidden","order_visibility":"hidden","single_product_price_visibility":"visible","cart_price_visibility":"visible","order_price_visibility":"visible","stock_status":"in_stock"},{"bundled_item_id":116,"product_id":61831,"menu_order":5,"quantity_min":1,"quantity_max":1,"quantity_default":1,"priced_individually":false,"shipped_individually":false,"override_title":false,"title":"SHOT Turmeric","override_description":false,"description":"","optional":false,"hide_thumbnail":false,"discount":"","override_variations":false,"allowed_variations":[],"override_default_variation_attributes":false,"default_variation_attributes":[],"single_product_visibility":"hidden","cart_visibility":"hidden","order_visibility":"hidden","single_product_price_visibility":"visible","cart_price_visibility":"visible","order_price_visibility":"visible","stock_status":"in_stock"},{"bundled_item_id":117,"product_id":12157,"menu_order":6,"quantity_min":1,"quantity_max":1,"quantity_default":1,"priced_individually":false,"shipped_individually":false,"override_title":false,"title":"SMOOTHIE Avocado Mango Coconut","override_description":false,"description":"","optional":false,"hide_thumbnail":false,"discount":"","override_variations":false,"allowed_variations":[],"override_default_variation_attributes":false,"default_variation_attributes":[],"single_product_visibility":"hidden","cart_visibility":"hidden","order_visibility":"hidden","single_product_price_visibility":"visible","cart_price_visibility":"visible","order_price_visibility":"visible","stock_status":"in_stock"},{"bundled_item_id":326,"product_id":63871,"menu_order":7,"quantity_min":1,"quantity_max":1,"quantity_default":1,"priced_individually":false,"shipped_individually":false,"override_title":false,"title":"JUICE Beet Carrot Mango","override_description":false,"description":"","optional":false,"hide_thumbnail":false,"discount":"","override_variations":false,"allowed_variations":[],"override_default_variation_attributes":false,"default_variation_attributes":[],"single_product_visibility":"hidden","cart_visibility":"hidden","order_visibility":"hidden","single_product_price_visibility":"visible","cart_price_visibility":"visible","order_price_visibility":"visible","stock_status":"in_stock"},{"bundled_item_id":119,"product_id":61835,"menu_order":8,"quantity_min":1,"quantity_max":1,"quantity_default":1,"priced_individually":false,"shipped_individually":false,"override_title":false,"title":"SHOT Digestion","override_description":false,"description":"","optional":false,"hide_thumbnail":false,"discount":"","override_variations":false,"allowed_variations":[],"override_default_variation_attributes":false,"default_variation_attributes":[],"single_product_visibility":"hidden","cart_visibility":"hidden","order_visibility":"hidden","single_product_price_visibility":"visible","cart_price_visibility":"visible","order_price_visibility":"visible","stock_status":"in_stock"},{"bundled_item_id":121,"product_id":61837,"menu_order":9,"quantity_min":1,"quantity_max":1,"quantity_default":1,"priced_individually":false,"shipped_individually":false,"override_title":false,"title":"VEGGIE Carrot Parsnip","override_description":false,"description":"","optional":false,"hide_thumbnail":false,"discount":"","override_variations":false,"allowed_variations":[],"override_default_variation_attributes":false,"default_variation_attributes":[],"single_product_visibility":"hidden","cart_visibility":"hidden","order_visibility":"hidden","single_product_price_visibility":"visible","cart_price_visibility":"visible","order_price_visibility":"visible","stock_status":"in_stock"}],"bundle_sell_ids":[],"acf":[],"yoast_head":"<!-- This site is optimized with the Yoast SEO Premium plugin v26.2 (Yoast SEO v26.2) - https:\/\/yoast.com\/wordpress\/plugins\/seo\/ -->\n<title>Sapkuur Till Dinner EXTRA 2 dagen - JUIZS<\/title>\n<meta name=\"robots\" content=\"index, follow, max-snippet:-1, max-image-preview:large, max-video-preview:-1\" \/>\n<link rel=\"canonical\" href=\"https:\/\/juizs.nl\/en\/shop\/sapkuur-till-dinner-extra-2-dagen\/\" \/>\n<meta property=\"og:locale\" content=\"en_US\" \/>\n<meta property=\"og:type\" content=\"article\" \/>\n<meta property=\"og:title\" content=\"Sapkuur Till Dinner EXTRA 2 dagen\" \/>\n<meta property=\"og:description\" content=\"Verleng je till dinner sapkuur nog met 2 extra dagen, exclusief voor \u20ac 29,95\" \/>\n<meta property=\"og:url\" content=\"https:\/\/juizs.nl\/en\/shop\/sapkuur-till-dinner-extra-2-dagen\/\" \/>\n<meta property=\"og:site_name\" content=\"JUIZS\" \/>\n<meta property=\"article:modified_time\" content=\"2023-09-17T18:04:03+00:00\" \/>\n<meta property=\"og:image\" content=\"https:\/\/juizs.nl\/wp-content\/uploads\/2022\/10\/tilldinner_5_dagen_visual-1-1024x1002.png\" \/>\n\t<meta property=\"og:image:width\" content=\"1024\" \/>\n\t<meta property=\"og:image:height\" content=\"1002\" \/>\n\t<meta property=\"og:image:type\" content=\"image\/png\" \/>\n<meta name=\"twitter:card\" content=\"summary_large_image\" \/>\n<meta name=\"twitter:label1\" content=\"Price\" \/>\n\t<meta name=\"twitter:data1\" content=\"&euro;29.95\" \/>\n\t<meta name=\"twitter:label2\" content=\"Availability\" \/>\n\t<meta name=\"twitter:data2\" content=\"In stock\" \/>\n<script type=\"application\/ld+json\" class=\"yoast-schema-graph\">{\"@context\":\"https:\/\/schema.org\",\"@graph\":[{\"@type\":\"WebPage\",\"@id\":\"https:\/\/juizs.nl\/en\/shop\/sapkuur-till-dinner-extra-2-dagen\/\",\"url\":\"https:\/\/juizs.nl\/en\/shop\/sapkuur-till-dinner-extra-2-dagen\/\",\"name\":\"Sapkuur Till Dinner EXTRA 2 dagen - JUIZS\",\"isPartOf\":{\"@id\":\"https:\/\/juizs.nl\/en\/#website\"},\"primaryImageOfPage\":{\"@id\":\"https:\/\/juizs.nl\/en\/shop\/sapkuur-till-dinner-extra-2-dagen\/#primaryimage\"},\"image\":{\"@id\":\"https:\/\/juizs.nl\/en\/shop\/sapkuur-till-dinner-extra-2-dagen\/#primaryimage\"},\"thumbnailUrl\":\"https:\/\/juizs.nl\/wp-content\/uploads\/2022\/10\/tilldinner_5_dagen_visual-1.png\",\"datePublished\":\"2022-09-21T12:55:44+00:00\",\"dateModified\":\"2023-09-17T18:04:03+00:00\",\"breadcrumb\":{\"@id\":\"https:\/\/juizs.nl\/en\/shop\/sapkuur-till-dinner-extra-2-dagen\/#breadcrumb\"},\"inLanguage\":\"en-US\",\"potentialAction\":[{\"@type\":\"ReadAction\",\"target\":[\"https:\/\/juizs.nl\/en\/shop\/sapkuur-till-dinner-extra-2-dagen\/\"]}]},{\"@type\":\"ImageObject\",\"inLanguage\":\"en-US\",\"@id\":\"https:\/\/juizs.nl\/en\/shop\/sapkuur-till-dinner-extra-2-dagen\/#primaryimage\",\"url\":\"https:\/\/juizs.nl\/wp-content\/uploads\/2022\/10\/tilldinner_5_dagen_visual-1.png\",\"contentUrl\":\"https:\/\/juizs.nl\/wp-content\/uploads\/2022\/10\/tilldinner_5_dagen_visual-1.png\",\"width\":1702,\"height\":1666},{\"@type\":\"BreadcrumbList\",\"@id\":\"https:\/\/juizs.nl\/en\/shop\/sapkuur-till-dinner-extra-2-dagen\/#breadcrumb\",\"itemListElement\":[{\"@type\":\"ListItem\",\"position\":1,\"name\":\"Products\",\"item\":\"https:\/\/juizs.nl\/en\/shop\/\"},{\"@type\":\"ListItem\",\"position\":2,\"name\":\"Sapkuur Till Dinner EXTRA 2 dagen\"}]},{\"@type\":\"WebSite\",\"@id\":\"https:\/\/juizs.nl\/en\/#website\",\"url\":\"https:\/\/juizs.nl\/en\/\",\"name\":\"JUIZS\",\"description\":\"Juizs is more than a Juice | Sapkuren m\u00e9t persoonlijk voedingsadvies\",\"publisher\":{\"@id\":\"https:\/\/juizs.nl\/en\/#organization\"},\"potentialAction\":[{\"@type\":\"SearchAction\",\"target\":{\"@type\":\"EntryPoint\",\"urlTemplate\":\"https:\/\/juizs.nl\/en\/?s={search_term_string}\"},\"query-input\":{\"@type\":\"PropertyValueSpecification\",\"valueRequired\":true,\"valueName\":\"search_term_string\"}}],\"inLanguage\":\"en-US\"},{\"@type\":[\"Organization\",\"Place\",\"Store\"],\"@id\":\"https:\/\/juizs.nl\/en\/#organization\",\"name\":\"Juizs\",\"url\":\"https:\/\/juizs.nl\/en\/\",\"logo\":{\"@id\":\"https:\/\/juizs.nl\/en\/shop\/sapkuur-till-dinner-extra-2-dagen\/#local-main-organization-logo\"},\"image\":{\"@id\":\"https:\/\/juizs.nl\/en\/shop\/sapkuur-till-dinner-extra-2-dagen\/#local-main-organization-logo\"},\"telephone\":[\"0702210833\"],\"openingHoursSpecification\":[{\"@type\":\"OpeningHoursSpecification\",\"dayOfWeek\":[\"Monday\",\"Tuesday\",\"Wednesday\",\"Thursday\",\"Friday\",\"Saturday\",\"Sunday\"],\"opens\":\"09:00\",\"closes\":\"17:00\"}],\"email\":\"hallo@juizs.nl\",\"areaServed\":\"Nederland, Vlaanderen + Brussel\",\"vatID\":\"NL8529.94.424.B01\",\"priceRange\":\"$$\",\"currenciesAccepted\":\"Euro\",\"paymentAccepted\":\"Ideal, BanContact, Creditcard, Paypal\"},{\"@type\":\"ImageObject\",\"inLanguage\":\"en-US\",\"@id\":\"https:\/\/juizs.nl\/en\/shop\/sapkuur-till-dinner-extra-2-dagen\/#local-main-organization-logo\",\"url\":\"https:\/\/juizs.nl\/wp-content\/uploads\/2021\/03\/logo-juizs-500x500-1.png\",\"contentUrl\":\"https:\/\/juizs.nl\/wp-content\/uploads\/2021\/03\/logo-juizs-500x500-1.png\",\"width\":500,\"height\":500,\"caption\":\"Juizs\"}]}<\/script>\n<meta property=\"product:price:amount\" content=\"29.95\" \/>\n<meta property=\"product:price:currency\" content=\"EUR\" \/>\n<meta property=\"og:availability\" content=\"instock\" \/>\n<meta property=\"product:availability\" content=\"instock\" \/>\n<meta property=\"product:retailer_item_id\" content=\"EXTRA-TILLDINNER-2\" \/>\n<meta property=\"product:condition\" content=\"new\" \/>\n<meta name=\"geo.placename\" content=\"Den Haag\" \/>\n<meta name=\"geo.region\" content=\"Netherlands\" \/>\n<!-- \/ Yoast SEO Premium plugin. -->","yoast_head_json":{"title":"Sapkuur Till Dinner EXTRA 2 dagen - JUIZS","robots":{"index":"index","follow":"follow","max-snippet":"max-snippet:-1","max-image-preview":"max-image-preview:large","max-video-preview":"max-video-preview:-1"},"canonical":"https:\/\/juizs.nl\/en\/shop\/sapkuur-till-dinner-extra-2-dagen\/","og_locale":"en_US","og_type":"article","og_title":"Sapkuur Till Dinner EXTRA 2 dagen","og_description":"Verleng je till dinner sapkuur nog met 2 extra dagen, exclusief voor \u20ac 29,95","og_url":"https:\/\/juizs.nl\/en\/shop\/sapkuur-till-dinner-extra-2-dagen\/","og_site_name":"JUIZS","article_modified_time":"2023-09-17T18:04:03+00:00","og_image":[{"width":1024,"height":1002,"url":"https:\/\/juizs.nl\/wp-content\/uploads\/2022\/10\/tilldinner_5_dagen_visual-1-1024x1002.png","type":"image\/png"}],"twitter_card":"summary_large_image","twitter_misc":{"Price":"&euro;29.95","Availability":"In stock"},"schema":{"@context":"https:\/\/schema.org","@graph":[{"@type":"WebPage","@id":"https:\/\/juizs.nl\/en\/shop\/sapkuur-till-dinner-extra-2-dagen\/","url":"https:\/\/juizs.nl\/en\/shop\/sapkuur-till-dinner-extra-2-dagen\/","name":"Sapkuur Till Dinner EXTRA 2 dagen - JUIZS","isPartOf":{"@id":"https:\/\/juizs.nl\/en\/#website"},"primaryImageOfPage":{"@id":"https:\/\/juizs.nl\/en\/shop\/sapkuur-till-dinner-extra-2-dagen\/#primaryimage"},"image":{"@id":"https:\/\/juizs.nl\/en\/shop\/sapkuur-till-dinner-extra-2-dagen\/#primaryimage"},"thumbnailUrl":"https:\/\/juizs.nl\/wp-content\/uploads\/2022\/10\/tilldinner_5_dagen_visual-1.png","datePublished":"2022-09-21T12:55:44+00:00","dateModified":"2023-09-17T18:04:03+00:00","breadcrumb":{"@id":"https:\/\/juizs.nl\/en\/shop\/sapkuur-till-dinner-extra-2-dagen\/#breadcrumb"},"inLanguage":"en-US","potentialAction":[{"@type":"ReadAction","target":["https:\/\/juizs.nl\/en\/shop\/sapkuur-till-dinner-extra-2-dagen\/"]}]},{"@type":"ImageObject","inLanguage":"en-US","@id":"https:\/\/juizs.nl\/en\/shop\/sapkuur-till-dinner-extra-2-dagen\/#primaryimage","url":"https:\/\/juizs.nl\/wp-content\/uploads\/2022\/10\/tilldinner_5_dagen_visual-1.png","contentUrl":"https:\/\/juizs.nl\/wp-content\/uploads\/2022\/10\/tilldinner_5_dagen_visual-1.png","width":1702,"height":1666},{"@type":"BreadcrumbList","@id":"https:\/\/juizs.nl\/en\/shop\/sapkuur-till-dinner-extra-2-dagen\/#breadcrumb","itemListElement":[{"@type":"ListItem","position":1,"name":"Products","item":"https:\/\/juizs.nl\/en\/shop\/"},{"@type":"ListItem","position":2,"name":"Sapkuur Till Dinner EXTRA 2 dagen"}]},{"@type":"WebSite","@id":"https:\/\/juizs.nl\/en\/#website","url":"https:\/\/juizs.nl\/en\/","name":"JUIZS","description":"Juizs is more than a Juice | Sapkuren m\u00e9t persoonlijk voedingsadvies","publisher":{"@id":"https:\/\/juizs.nl\/en\/#organization"},"potentialAction":[{"@type":"SearchAction","target":{"@type":"EntryPoint","urlTemplate":"https:\/\/juizs.nl\/en\/?s={search_term_string}"},"query-input":{"@type":"PropertyValueSpecification","valueRequired":true,"valueName":"search_term_string"}}],"inLanguage":"en-US"},{"@type":["Organization","Place","Store"],"@id":"https:\/\/juizs.nl\/en\/#organization","name":"Juizs","url":"https:\/\/juizs.nl\/en\/","logo":{"@id":"https:\/\/juizs.nl\/en\/shop\/sapkuur-till-dinner-extra-2-dagen\/#local-main-organization-logo"},"image":{"@id":"https:\/\/juizs.nl\/en\/shop\/sapkuur-till-dinner-extra-2-dagen\/#local-main-organization-logo"},"telephone":["0702210833"],"openingHoursSpecification":[{"@type":"OpeningHoursSpecification","dayOfWeek":["Monday","Tuesday","Wednesday","Thursday","Friday","Saturday","Sunday"],"opens":"09:00","closes":"17:00"}],"email":"hallo@juizs.nl","areaServed":"Nederland, Vlaanderen + Brussel","vatID":"NL8529.94.424.B01","priceRange":"$$","currenciesAccepted":"Euro","paymentAccepted":"Ideal, BanContact, Creditcard, Paypal"},{"@type":"ImageObject","inLanguage":"en-US","@id":"https:\/\/juizs.nl\/en\/shop\/sapkuur-till-dinner-extra-2-dagen\/#local-main-organization-logo","url":"https:\/\/juizs.nl\/wp-content\/uploads\/2021\/03\/logo-juizs-500x500-1.png","contentUrl":"https:\/\/juizs.nl\/wp-content\/uploads\/2021\/03\/logo-juizs-500x500-1.png","width":500,"height":500,"caption":"Juizs"}]},"product_price_amount":"29.95","product_price_currency":"EUR","og_availability":"instock","product_availability":"instock","product_retailer_item_id":"EXTRA-TILLDINNER-2","product_condition":"new","geo.placename":"Den Haag","geo.region":"Netherlands"},"_links":{"self":[{"href":"https:\/\/juizs.nl\/en\/wp-json\/wp\/v2\/product\/61886","targetHints":{"allow":["GET"]}}],"collection":[{"href":"https:\/\/juizs.nl\/en\/wp-json\/wp\/v2\/product"}],"about":[{"href":"https:\/\/juizs.nl\/en\/wp-json\/wp\/v2\/types\/product"}],"replies":[{"embeddable":true,"href":"https:\/\/juizs.nl\/en\/wp-json\/wp\/v2\/comments?post=61886"}],"wp:featuredmedia":[{"embeddable":true,"href":"https:\/\/juizs.nl\/en\/wp-json\/wp\/v2\/media\/74878"}],"wp:attachment":[{"href":"https:\/\/juizs.nl\/en\/wp-json\/wp\/v2\/media?parent=61886"}],"wp:term":[{"taxonomy":"product_brand","embeddable":true,"href":"https:\/\/juizs.nl\/en\/wp-json\/wp\/v2\/product_brand?post=61886"},{"taxonomy":"product_cat","embeddable":true,"href":"https:\/\/juizs.nl\/en\/wp-json\/wp\/v2\/product_cat?post=61886"},{"taxonomy":"product_tag","embeddable":true,"href":"https:\/\/juizs.nl\/en\/wp-json\/wp\/v2\/product_tag?post=61886"}],"curies":[{"name":"wp","href":"https:\/\/api.w.org\/{rel}","templated":true}]}}